{"id":126,"date":"2017-06-06T11:58:06","date_gmt":"2017-06-06T09:58:06","guid":{"rendered":"http:\/\/rcskoter.se\/?page_id=126"},"modified":"2019-01-03T14:36:52","modified_gmt":"2019-01-03T13:36:52","slug":"kopvillkor","status":"publish","type":"page","link":"https:\/\/rcskoter.se\/?page_id=126","title":{"rendered":"K\u00f6pvillkor"},"content":{"rendered":"<p><strong>Allm\u00e4nt<\/strong><br \/>\nRC-skoter \u00e4gs och drivs av <a href=\"http:\/\/akrajol.se\">Akrajol AB<\/a> orgnr 556923-1353<br \/>\nInnehar F-skattebevis.<\/p>\n<p><strong>Best\u00e4llning<\/strong><br \/>\nN\u00e4r du slutf\u00f6rt din best\u00e4llning skickas en orderbekr\u00e4ftelse till din e-postadress. I bekr\u00e4ftelsen finner du alla uppgifter om produkterna, priser, fakturerings- och leveransadress. \u00c4r n\u00e5got fel i best\u00e4llningen b\u00f6r du omedelbart kontakta oss via e-post till arne@rcskoter.se. Du m\u00e5ste vara 18 \u00e5r eller har m\u00e5lsmans godk\u00e4nnande vid best\u00e4llning.<\/p>\n<p><strong>Avbest\u00e4llning<\/strong><br \/>\nKunden har r\u00e4tt att avbest\u00e4lla order tills effektuering slutf\u00f6rts. En order som effektuerats \u00e4r bindande.<\/p>\n<p><strong>Priser<\/strong><br \/>\nPriserna i butiken anges i SEK (svenska kronor) och alla priser \u00e4r inklusive 25 % moms. Vi reserverar oss f\u00f6r pris\u00e4ndringar orsakat av pris\u00e4ndring fr\u00e5n leverant\u00f6r, feltryck i prislistan samt felaktigheter i priser beroende p\u00e5 felaktig information och f\u00f6rbeh\u00e5ller oss r\u00e4tten att justera priset.<\/p>\n<p><strong>Frakt<\/strong><\/p>\n<div data-canvas-width=\"240.56\">Alla varor skickas med PostNord. Leveranstiden \u00e4r 3-5 arbetsdagar inom Sverige.<\/div>\n<div data-canvas-width=\"143.72\"><\/div>\n<div data-canvas-width=\"48.239999999999995\">Fraktalternativ 1<\/div>\n<div data-canvas-width=\"212.52\">Vikt upp till 100 gram. Dina varor skickas som brev.<\/div>\n<div data-canvas-width=\"632.9599999999998\">OBS! Denna f\u00f6rs\u00e4ndelse visar inte leveransstatus och kan inte sp\u00e5ras via kollinummer.<\/div>\n<div data-canvas-width=\"632.9599999999998\"><\/div>\n<div data-canvas-width=\"179.28\">Fraktalternativ 2<\/div>\n<div data-canvas-width=\"105.08\">Vikt \u00f6ver 100 gram. Paket levereras till ditt n\u00e4rmaste ombud och du h\u00e4mtar ut det p\u00e5 en tid som passar dig, efter att du blivit aviserad via sms, e-post eller brev.<\/div>\n<div data-canvas-width=\"565.7199999999999\">OBS! Denna f\u00f6rs\u00e4ndelse visar leveransstatus och kan sp\u00e5ras via kollinummer!<\/div>\n<div data-canvas-width=\"565.7199999999999\"><\/div>\n<div data-canvas-width=\"145.44\">Transportskada anm\u00e4ls till det postkontor d\u00e4r du h\u00e4mtat ut varorna. Om du uppt\u00e4cker<\/div>\n<div data-canvas-width=\"157.76\">skadan d\u00e5 du kommit hem tar du med hela paketet (varor och embalage) till PostNord f\u00f6r en skadeanm\u00e4lan.<\/div>\n<div data-canvas-width=\"157.76\"><\/div>\n<div data-canvas-width=\"157.76\"><strong>Betalning<\/strong><\/div>\n<div data-canvas-width=\"157.76\">Betalning sker via Paypal eller direkt till v\u00e5rt bankgiro: 403-2306.\u00a0 Anv\u00e4nd ditt ordernummer som betalningsreferens. Din order skickas n\u00e4r vi ser betalningen p\u00e5 v\u00e5rt konto.<\/div>\n<p><strong>GDPR &amp; Integritet:<\/strong><br \/>\nN\u00e4r du l\u00e4gger din best\u00e4llning hos oss uppger du dina personuppgifter s\u00e5som namn, adress och telefonnummer.<strong> I samband med din registrering och\/eller best\u00e4llning godk\u00e4nner du att vi lagrar och anv\u00e4nder dina adress- och kontaktuppgifter<\/strong> i v\u00e5r verksamhet f\u00f6r att fullf\u00f6lja v\u00e5rt \u00e5tagande gentemot dig. Vi sparar \u00e4ven viss kommunikation som vi har med dig via e-post, detta f\u00f6r att tillhandah\u00e5lla den service som du f\u00f6rv\u00e4ntar dig av oss.<\/p>\n<p>Vi kommer inte att l\u00e4mna ut dina personuppgifter till tredje part. Enligt GDPR-lagen har du r\u00e4tt att f\u00e5 den information som vi har registrerat om dig. Om den \u00e4r felaktig, ofullst\u00e4ndig eller irrelevant kan du beg\u00e4ra att informationen r\u00e4ttas eller tas bort.<\/p>\n<div data-canvas-width=\"639.5\"><strong>\u00c5ngerr\u00e4tt<\/strong><\/div>\n<div data-canvas-width=\"639.5\">\n<div data-canvas-width=\"685.4599999999998\">Produkten skall vara i s\u00e4ljbart skick med oskadad f\u00f6rpackning. \u00c5ngerr\u00e4tten g\u00e4ller ej f\u00f6r vara specialbest\u00e4lld eller specialtillverkad f\u00f6r dig som kund. Du har en generell lagstiftad 14 dagars \u00e5ngerr\u00e4tt fr\u00e5n det att du har tagit emot en vara som du best\u00e4llt. Du kan ej nyttja \u00e5ngerr\u00e4tten med st\u00f6d i svensk lag p\u00e5 varor vars plombering har brutits. Vid nyttjande av \u00e5ngerr\u00e4tt st\u00e5r du f\u00f6r returfrakten. Vid nyttjande av \u00e5ngerr\u00e4tten \u00e5terbetalas hela<\/div>\n<div data-canvas-width=\"73.22\">varusumman.<\/div>\n<div data-canvas-width=\"73.22\"><\/div>\n<\/div>\n<div data-canvas-width=\"73.22\"><strong>Reklamation<\/strong><\/div>\n<div data-canvas-width=\"73.22\">\n<div data-canvas-width=\"672.6199999999997\">Meddela varf\u00f6r du inte godtar varan samt ange p\u00e5 vilket s\u00e4tt du anser att varan \u00e4r felaktig<\/div>\n<div data-canvas-width=\"304.62\">p\u00e5 arne@rcskoter.se. N\u00e4r du har meddelat oss s\u00e5 skickar vi en f\u00f6rbetald returfraktsedel och anvisningar till dig. Meddela alltid eventuell reklamation snarast m\u00f6jligt. Vi accepterar Allm\u00e4nna reklamationsn\u00e4mnden (ARN).<\/div>\n<div data-canvas-width=\"304.62\"><\/div>\n<\/div>\n<div data-canvas-width=\"304.62\"><strong>Cookies<\/strong><\/div>\n<div data-canvas-width=\"304.62\">\n<div data-canvas-width=\"518.3399999999998\">Enligt lag ska bes\u00f6kare p\u00e5 en webbplats i integritetssyfte f\u00e5 information<\/div>\n<div data-canvas-width=\"43.97999999999999\">om att cookies anv\u00e4nds. Informationen i cookien \u00e4r m\u00f6jlig att anv\u00e4nda f\u00f6r att f\u00f6lja en anv\u00e4ndares surfande. Cookie \u00e4r en liten textfil som webbplatsen du bes\u00f6ker beg\u00e4r att f\u00e5 spara p\u00e5 din dator f\u00f6r att ge tillg\u00e5ng till olika funktioner. Det g\u00e5r att st\u00e4lla in sin webbl\u00e4sare s\u00e5 att den automatiskt nekar cookies. Mer information f\u00e5r du p\u00e5 Post och telestyrelsens hemsida. F\u00f6r att h\u00e5lla ordning p\u00e5 bl.a inloggning och kundkorg anv\u00e4nds h\u00e4r cookies (sessioncookies) som lagras p\u00e5 bes\u00f6karens dator.<\/div>\n<div data-canvas-width=\"43.97999999999999\"><\/div>\n<\/div>\n<div data-canvas-width=\"43.97999999999999\"><strong>Force Majeure<\/strong><\/div>\n<div data-canvas-width=\"43.97999999999999\">\n<div data-canvas-width=\"663.2799999999995\">Vi accepterar inget ansvar f\u00f6r f\u00f6rseningar\/fel till f\u00f6ljd av omst\u00e4ndigheter utanf\u00f6r f\u00f6retagets<\/div>\n<div data-canvas-width=\"664.2399999999999\">r\u00e5dande s\u00e5som arbetskonflikt, eldsv\u00e5da, krig, myndighetsbeslut, f\u00f6rminskad eller utebliven<\/div>\n<div data-canvas-width=\"121.18000000000004\">leverans fr\u00e5n leverant\u00f6r. Vidare tas inget ansvar f\u00f6r eventuella f\u00f6r\u00e4ndringar p\u00e5 produkter\/produktegenskaper som \u00e4ndrats av respektive leverant\u00f6r och andra faktorer utanf\u00f6r v\u00e5r kontroll. F\u00f6retaget ansvarar heller aldrig f\u00f6r direkt eller indirekt skada\/f\u00f6rlust som kan uppst\u00e5 f\u00f6r kund.<\/div>\n<\/div>\n","protected":false},"excerpt":{"rendered":"<p>Allm\u00e4nt RC-skoter \u00e4gs och drivs av Akrajol AB orgnr 556923-1353 Innehar F-skattebevis. Best\u00e4llning N\u00e4r du slutf\u00f6rt din best\u00e4llning skickas en orderbekr\u00e4ftelse till din e-postadress. I bekr\u00e4ftelsen finner du alla uppgifter om produkterna, priser, fakturerings- och leveransadress. \u00c4r n\u00e5got fel i &hellip; <a href=\"https:\/\/rcskoter.se\/?page_id=126\">Forts\u00e4tt l\u00e4sa <span class=\"meta-nav\">&rarr;<\/span><\/a><\/p>\n","protected":false},"author":1,"featured_media":0,"parent":0,"menu_order":0,"comment_status":"closed","ping_status":"closed","template":"","meta":{"footnotes":""},"class_list":["post-126","page","type-page","status-publish","hentry"],"_links":{"self":[{"href":"https:\/\/rcskoter.se\/index.php?rest_route=\/wp\/v2\/pages\/126","targetHints":{"allow":["GET"]}}],"collection":[{"href":"https:\/\/rcskoter.se\/index.php?rest_route=\/wp\/v2\/pages"}],"about":[{"href":"https:\/\/rcskoter.se\/index.php?rest_route=\/wp\/v2\/types\/page"}],"author":[{"embeddable":true,"href":"https:\/\/rcskoter.se\/index.php?rest_route=\/wp\/v2\/users\/1"}],"replies":[{"embeddable":true,"href":"https:\/\/rcskoter.se\/index.php?rest_route=%2Fwp%2Fv2%2Fcomments&post=126"}],"version-history":[{"count":24,"href":"https:\/\/rcskoter.se\/index.php?rest_route=\/wp\/v2\/pages\/126\/revisions"}],"predecessor-version":[{"id":241,"href":"https:\/\/rcskoter.se\/index.php?rest_route=\/wp\/v2\/pages\/126\/revisions\/241"}],"wp:attachment":[{"href":"https:\/\/rcskoter.se\/index.php?rest_route=%2Fwp%2Fv2%2Fmedia&parent=126"}],"curies":[{"name":"wp","href":"https:\/\/api.w.org\/{rel}","templated":true}]}}