{"id":20,"date":"2016-10-10T12:10:07","date_gmt":"2016-10-10T10:10:07","guid":{"rendered":"http:\/\/rcskoter.se\/?post_type=product&#038;p=20"},"modified":"2023-03-24T14:57:10","modified_gmt":"2023-03-24T13:57:10","slug":"motorfaste-el","status":"publish","type":"product","link":"https:\/\/rcskoter.se\/?product=motorfaste-el","title":{"rendered":"Motorf\u00e4ste El"},"content":{"rendered":"<p>Motorf\u00e4ste f\u00f6r borstl\u00f6s elmotor till Atomic 2000.<\/p>\n","protected":false},"excerpt":{"rendered":"<p>Motorf\u00e4ste f\u00f6r borstl\u00f6s elmotor till Atomic 2000.<\/p>\n","protected":false},"featured_media":60,"comment_status":"closed","ping_status":"closed","template":"","meta":[],"product_brand":[],"product_cat":[17],"product_tag":[],"class_list":{"0":"post-20","1":"product","2":"type-product","3":"status-publish","4":"has-post-thumbnail","6":"product_cat-reservdelar","8":"first","9":"instock","10":"taxable","11":"shipping-taxable","12":"purchasable","13":"product-type-simple"},"_links":{"self":[{"href":"https:\/\/rcskoter.se\/index.php?rest_route=\/wp\/v2\/product\/20","targetHints":{"allow":["GET"]}}],"collection":[{"href":"https:\/\/rcskoter.se\/index.php?rest_route=\/wp\/v2\/product"}],"about":[{"href":"https:\/\/rcskoter.se\/index.php?rest_route=\/wp\/v2\/types\/product"}],"replies":[{"embeddable":true,"href":"https:\/\/rcskoter.se\/index.php?rest_route=%2Fwp%2Fv2%2Fcomments&post=20"}],"wp:featuredmedia":[{"embeddable":true,"href":"https:\/\/rcskoter.se\/index.php?rest_route=\/wp\/v2\/media\/60"}],"wp:attachment":[{"href":"https:\/\/rcskoter.se\/index.php?rest_route=%2Fwp%2Fv2%2Fmedia&parent=20"}],"wp:term":[{"taxonomy":"product_brand","embeddable":true,"href":"https:\/\/rcskoter.se\/index.php?rest_route=%2Fwp%2Fv2%2Fproduct_brand&post=20"},{"taxonomy":"product_cat","embeddable":true,"href":"https:\/\/rcskoter.se\/index.php?rest_route=%2Fwp%2Fv2%2Fproduct_cat&post=20"},{"taxonomy":"product_tag","embeddable":true,"href":"https:\/\/rcskoter.se\/index.php?rest_route=%2Fwp%2Fv2%2Fproduct_tag&post=20"}],"curies":[{"name":"wp","href":"https:\/\/api.w.org\/{rel}","templated":true}]}}