{"id":97,"date":"2016-10-24T20:22:40","date_gmt":"2016-10-24T18:22:40","guid":{"rendered":"http:\/\/rcskoter.se\/?post_type=product&#038;p=97"},"modified":"2026-02-23T20:22:59","modified_gmt":"2026-02-23T19:22:59","slug":"remhjul","status":"publish","type":"product","link":"https:\/\/rcskoter.se\/?product=remhjul","title":{"rendered":"Remhjul"},"content":{"rendered":"<p>Remhjul till Atomic 2000<\/p>\n<p>OBS! detta remhjul av plast har en annan inf\u00e4stning \u00e4n den \u00e4ldre typen av aluminium. Om du har en skoter med den \u00e4ldre typen s\u00e5 m\u00e5ste du borra ett 3mm h\u00e5l i drivaxeln f\u00f6r att den nya typen skall passa.<\/p>\n","protected":false},"excerpt":{"rendered":"<p>Remhjul till Atomic 2000 OBS! detta remhjul av plast har en annan inf\u00e4stning \u00e4n den \u00e4ldre typen av aluminium. Om du har en skoter med den \u00e4ldre typen s\u00e5 m\u00e5ste du borra ett 3mm h\u00e5l i drivaxeln f\u00f6r att den &hellip; <a href=\"https:\/\/rcskoter.se\/?product=remhjul\">Forts\u00e4tt l\u00e4sa <span class=\"meta-nav\">&rarr;<\/span><\/a><\/p>\n","protected":false},"featured_media":451,"comment_status":"closed","ping_status":"closed","template":"","meta":[],"product_brand":[],"product_cat":[17],"product_tag":[],"class_list":{"0":"post-97","1":"product","2":"type-product","3":"status-publish","4":"has-post-thumbnail","6":"product_cat-reservdelar","8":"first","9":"instock","10":"taxable","11":"shipping-taxable","12":"purchasable","13":"product-type-simple"},"_links":{"self":[{"href":"https:\/\/rcskoter.se\/index.php?rest_route=\/wp\/v2\/product\/97","targetHints":{"allow":["GET"]}}],"collection":[{"href":"https:\/\/rcskoter.se\/index.php?rest_route=\/wp\/v2\/product"}],"about":[{"href":"https:\/\/rcskoter.se\/index.php?rest_route=\/wp\/v2\/types\/product"}],"replies":[{"embeddable":true,"href":"https:\/\/rcskoter.se\/index.php?rest_route=%2Fwp%2Fv2%2Fcomments&post=97"}],"wp:featuredmedia":[{"embeddable":true,"href":"https:\/\/rcskoter.se\/index.php?rest_route=\/wp\/v2\/media\/451"}],"wp:attachment":[{"href":"https:\/\/rcskoter.se\/index.php?rest_route=%2Fwp%2Fv2%2Fmedia&parent=97"}],"wp:term":[{"taxonomy":"product_brand","embeddable":true,"href":"https:\/\/rcskoter.se\/index.php?rest_route=%2Fwp%2Fv2%2Fproduct_brand&post=97"},{"taxonomy":"product_cat","embeddable":true,"href":"https:\/\/rcskoter.se\/index.php?rest_route=%2Fwp%2Fv2%2Fproduct_cat&post=97"},{"taxonomy":"product_tag","embeddable":true,"href":"https:\/\/rcskoter.se\/index.php?rest_route=%2Fwp%2Fv2%2Fproduct_tag&post=97"}],"curies":[{"name":"wp","href":"https:\/\/api.w.org\/{rel}","templated":true}]}}