{"id":98,"date":"2016-10-24T20:25:03","date_gmt":"2016-10-24T18:25:03","guid":{"rendered":"http:\/\/rcskoter.se\/?post_type=product&#038;p=98"},"modified":"2017-12-30T17:12:55","modified_gmt":"2017-12-30T16:12:55","slug":"bladfjaderhallare","status":"publish","type":"product","link":"https:\/\/rcskoter.se\/?product=bladfjaderhallare","title":{"rendered":"Bladfj\u00e4derh\u00e5llare"},"content":{"rendered":"<p>Bladfj\u00e4derh\u00e5llare till atomic 2000. 2st<\/p>\n","protected":false},"excerpt":{"rendered":"<p>Bladfj\u00e4derh\u00e5llare till atomic 2000. 2st<\/p>\n","protected":false},"featured_media":65,"comment_status":"closed","ping_status":"closed","template":"","meta":[],"product_brand":[],"product_cat":[17],"product_tag":[],"class_list":{"0":"post-98","1":"product","2":"type-product","3":"status-publish","4":"has-post-thumbnail","6":"product_cat-reservdelar","8":"first","9":"instock","10":"taxable","11":"shipping-taxable","12":"purchasable","13":"product-type-simple"},"_links":{"self":[{"href":"https:\/\/rcskoter.se\/index.php?rest_route=\/wp\/v2\/product\/98","targetHints":{"allow":["GET"]}}],"collection":[{"href":"https:\/\/rcskoter.se\/index.php?rest_route=\/wp\/v2\/product"}],"about":[{"href":"https:\/\/rcskoter.se\/index.php?rest_route=\/wp\/v2\/types\/product"}],"replies":[{"embeddable":true,"href":"https:\/\/rcskoter.se\/index.php?rest_route=%2Fwp%2Fv2%2Fcomments&post=98"}],"wp:featuredmedia":[{"embeddable":true,"href":"https:\/\/rcskoter.se\/index.php?rest_route=\/wp\/v2\/media\/65"}],"wp:attachment":[{"href":"https:\/\/rcskoter.se\/index.php?rest_route=%2Fwp%2Fv2%2Fmedia&parent=98"}],"wp:term":[{"taxonomy":"product_brand","embeddable":true,"href":"https:\/\/rcskoter.se\/index.php?rest_route=%2Fwp%2Fv2%2Fproduct_brand&post=98"},{"taxonomy":"product_cat","embeddable":true,"href":"https:\/\/rcskoter.se\/index.php?rest_route=%2Fwp%2Fv2%2Fproduct_cat&post=98"},{"taxonomy":"product_tag","embeddable":true,"href":"https:\/\/rcskoter.se\/index.php?rest_route=%2Fwp%2Fv2%2Fproduct_tag&post=98"}],"curies":[{"name":"wp","href":"https:\/\/api.w.org\/{rel}","templated":true}]}}